{"id":119,"date":"2017-04-30T21:43:12","date_gmt":"2017-04-30T19:43:12","guid":{"rendered":"http:\/\/www.hno-pok.at\/wordpress\/?page_id=119"},"modified":"2022-07-05T08:37:56","modified_gmt":"2022-07-05T06:37:56","slug":"leistungen","status":"publish","type":"page","link":"https:\/\/www.hno-pok.at\/wordpress\/?page_id=119","title":{"rendered":"Leistungen &#038; Schwerpunkte"},"content":{"rendered":"<p>HNO-Untersuchung mit ausf\u00fchrlicher Besprechung der Befunde<br><span style=\"color: #333333;\"><strong>HNO-Operationen<br>Endoskopische Untersuchungen<\/strong><\/span><br><span style=\"color: #333333;\"><strong>H\u00f6rtest<br><\/strong><\/span><strong>Allergieabkl\u00e4rung und Therapie<\/strong><br><span style=\"color: #333333;\"><strong>Neugeborenen-H\u00f6rscreening<\/strong> (Otoakustische Emissionen) <\/span><br><span style=\"color: #333333;\"><strong>Zweitmeinung vor Operationen<\/strong><\/span><\/p>\n<p><\/p>\n<p>Durchf\u00fchrung von <strong>HNO-Operationen<\/strong> in Belegspit\u00e4lern und Privatspit\u00e4lern<br>(derzeit <a href=\"https:\/\/www.privatklinik-goldenes-kreuz.at\/de\/\">Privatklinik Goldes Kreuz<\/a>, &nbsp;<a href=\"https:\/\/www.privatklinik-doebling.at\/de\/\">Privatklinik D\u00f6bling<\/a>, <a href=\"https:\/\/www.ekhwien.at\/\">Evangelisches Krankenhaus<\/a>). Jedes dieser Krankenh\u00e4user verf\u00fcgt \u00fcber eine hervorragende technische Ausstattung f\u00fcr Ihre HNO-Operation. <br>Einige sind auch besonders routiniert f\u00fcr Kinder-Operationen (zB die Preivatklinik Goldene Kreuz).<\/p>\n<p><span style=\"color: #000000;\">Die Privatspit\u00e4ler und Belegspit\u00e4ler in denen ich t\u00e4tig bin erm\u00f6glichen Ihnen unter anderem:<\/span><\/p>\n<ul>\n<li><span style=\"color: #000000;\"><strong>kurze Wartezeiten f\u00fcr HNO-Operationen<\/strong> (je nach Eingriff in der Regel 2-6 Wochen, verglichen mit 6-12 Monaten f\u00fcr Routine-OP\u00b4s in \u00f6ffentlichen Spit\u00e4lern).<\/span><\/li>\n<li><strong>Pers\u00f6nliche Betreuung<\/strong> von der Planung, Operation bis zur Kontrolle nach der Operation sind in einer Hand.<\/li>\n<li>die Narkosen werden ausschlie\u00dflich von erfahrenen Fach\u00e4rzten f\u00fcr An\u00e4sthesie durchgef\u00fchrt, f\u00fcr Kinder-OP\u00b4s arbeite ich ausschlie\u00dflich mit hervorragenden und sehr routinierten Kinder-An\u00e4sthesistInnen zusammen.<\/li>\n<li>erfahrenes freundliches Pflegepersonal.<\/li>\n<li>mehr <strong>Privatsp\u00e4re<\/strong> (1 bis max. 2 Bett Zimmer)<\/li>\n<\/ul>\n<p><strong>Besondere Schwerpunkte:<\/strong><br>Kinder<br>behinderte Nasenatmung<br>Nasen- und Nasennebenh\u00f6hlenprobleme<br>Schnarchen<br>Behandlung von hartn\u00e4ckigem Ohrjucken<br>Tinnitusbehandlung und Beratung<br>u.v.m.<\/p>\n\n\n<div class=\"wp-block-buttons is-layout-flex wp-block-buttons-is-layout-flex\">\n<div class=\"wp-block-button is-style-fill\"><a class=\"wp-block-button__link has-white-color has-text-color has-background\" href=\"https:\/\/www.hno-pok.at\/wordpress\/?page_id=245\" style=\"background-color:#05a2ad\">Online Terminbuchung<\/a><\/div>\n<\/div>\n\n\n\n<p><strong>Chirurgische Erfahrung:<\/strong><br>Sicherheit und Erfahrung durch \u00fcber 3.500 von mir durchgef\u00fchrten Operationen im HNO-Bereich<\/p>\n\n\n\n<p>einige Schwerpunkte:<\/p>\n\n\n\n<p>s\u00e4mtliche <strong>HNO-Operationen bei Kindern<\/strong> (Rachenmandelentfernung (&#8222;Polypen-OP beim Kind&#8220;), Mandelentfernung, Mandelverkleinerung mit Laser, Paukenr\u00f6hrchen, Hautanh\u00e4ngsel, Zungenband- und&nbsp;Oberlippenb\u00e4ndchendurchtrennung, Entfernung einer medianen \/ lateralen Halszyste bzw. Fistel, Ohranh\u00e4ngselentfernung, Ranula-Entfernung, Myringoplastik u.v.m.)<\/p>\n\n\n\n<p><strong>HNO-Operationen bei Erwachsenen:<br><\/strong>\u00e4sthetische und funktionelle <strong>Nasenkorrekturen<\/strong>, (minimalinvasive Septorhinoplastik dank endonasalem Zugang,<strong> Septumplastik, Muschelverkleinerung, Nebenh\u00f6hlenoperationen<\/strong>, Revisionseingriffe)<\/p>\n\n\n\n<p><strong>Ohrmuschelkorrektur<\/strong> (Korrektur von abstehenden Ohren = Ohranlegeplastik = Otoplastik = Otopexie, inkl. Tassenohrkorrektur, Ohrl\u00e4ppchenkorrekturen)<\/p>\n\n\n\n<p>Tympanoplastik, Geh\u00f6rgangsplastik (Exostosenabtragung)<\/p>\n\n\n\n<p>Speicheldr\u00fcsen- und Halslymphknotenentfernung<\/p>\n\n\n\n<p>minimal invasive Eingriffe an den Stimmlippen<\/p>\n\n\n\n<p>Entfernung von Hautver\u00e4nderungen im Gesichtsbereich<\/p>\n\n\n\n<p>Rekonstruktion des ausgerissenen Ohrl\u00e4ppchens<\/p>\n\n\n\n<p>Stechen von Ohrringen (ab 6. Lebensjahr)<\/p>\n","protected":false},"excerpt":{"rendered":"<p>HNO-Untersuchung mit ausf\u00fchrlicher Besprechung der BefundeHNO-OperationenEndoskopische UntersuchungenH\u00f6rtestAllergieabkl\u00e4rung und TherapieNeugeborenen-H\u00f6rscreening (Otoakustische Emissionen) Zweitmeinung vor Operationen Durchf\u00fchrung von HNO-Operationen in Belegspit\u00e4lern und Privatspit\u00e4lern(derzeit Privatklinik Goldes Kreuz, &nbsp;Privatklinik D\u00f6bling, Evangelisches Krankenhaus). Jedes dieser Krankenh\u00e4user verf\u00fcgt \u00fcber eine hervorragende technische Ausstattung f\u00fcr Ihre HNO-Operation. Einige sind auch besonders routiniert f\u00fcr Kinder-Operationen (zB die Preivatklinik Goldene Kreuz). Die Privatspit\u00e4ler und [&hellip;]<\/p>\n","protected":false},"author":1,"featured_media":0,"parent":0,"menu_order":0,"comment_status":"closed","ping_status":"closed","template":"","meta":{"footnotes":""},"class_list":["post-119","page","type-page","status-publish","czr-hentry"],"_links":{"self":[{"href":"https:\/\/www.hno-pok.at\/wordpress\/index.php?rest_route=\/wp\/v2\/pages\/119","targetHints":{"allow":["GET"]}}],"collection":[{"href":"https:\/\/www.hno-pok.at\/wordpress\/index.php?rest_route=\/wp\/v2\/pages"}],"about":[{"href":"https:\/\/www.hno-pok.at\/wordpress\/index.php?rest_route=\/wp\/v2\/types\/page"}],"author":[{"embeddable":true,"href":"https:\/\/www.hno-pok.at\/wordpress\/index.php?rest_route=\/wp\/v2\/users\/1"}],"replies":[{"embeddable":true,"href":"https:\/\/www.hno-pok.at\/wordpress\/index.php?rest_route=%2Fwp%2Fv2%2Fcomments&post=119"}],"version-history":[{"count":3,"href":"https:\/\/www.hno-pok.at\/wordpress\/index.php?rest_route=\/wp\/v2\/pages\/119\/revisions"}],"predecessor-version":[{"id":1213,"href":"https:\/\/www.hno-pok.at\/wordpress\/index.php?rest_route=\/wp\/v2\/pages\/119\/revisions\/1213"}],"wp:attachment":[{"href":"https:\/\/www.hno-pok.at\/wordpress\/index.php?rest_route=%2Fwp%2Fv2%2Fmedia&parent=119"}],"curies":[{"name":"wp","href":"https:\/\/api.w.org\/{rel}","templated":true}]}}